{"id":9984,"date":"2024-08-01T11:47:06","date_gmt":"2024-08-01T09:47:06","guid":{"rendered":"https:\/\/mp-papeleria.es\/cookie-policy\/"},"modified":"2024-09-05T14:21:17","modified_gmt":"2024-09-05T12:21:17","slug":"cookie-policy","status":"publish","type":"page","link":"https:\/\/mp-papeleria.es\/en\/cookie-policy\/","title":{"rendered":"Cookie Policy"},"content":{"rendered":"<section class=\"block-fila lopd\">\n    <div class=\"desktop-width\">\n        \n\n\n\n<h1><b>POL\u00cdTICA DE COOKIES<\/b><\/h1>\n<p><span style=\"font-weight: 400;\">Debido a la entrada en vigor de la Ley de Servicios de la Sociedad de la Informacio\u0301n y del Comercio Electro\u0301nico (LSSICE), establecida por el establecida por la Ley 34\/2002, es de obligacio\u0301n obtener el consentimiento expreso del usuario de todas las pa\u0301ginas web que usan cookies prescindibles, antes de que este navegue por ellas.<\/span><\/p>\n<p> <\/p>\n<p><b>\u00bfQUE\u0301 SON LAS COOKIES?<\/b><\/p>\n<p><span style=\"font-weight: 400;\">Las cookies y otras tecnologi\u0301as similares tales como local shared objects, flashcookies o pi\u0301xeles, son herramientas empleadas por los servidores Web para almacenar y recuperar informacio\u0301n acerca de sus visitantes, asi\u0301 como para ofrecer un correcto funcionamiento del sitio.<\/span><\/p>\n<p><span style=\"font-weight: 400;\">Mediante el uso de estos dispositivos se permite al servidor Web recordar algunos datos concernientes al usuario, como sus preferencias para la visualizacio\u0301n de las pa\u0301ginas de ese servidor, nombre y contrasen\u0303a, productos que ma\u0301s le interesan, etc.<\/span><\/p>\n<p><span style=\"font-weight: 400;\">Segu\u0301n la directiva de la UE, las cookies que requieren el consentimiento informado por parte del usuario son las cookies de anali\u0301tica y las de publicidad y afiliacio\u0301n, quedando exceptuadas las de cara\u0301cter te\u0301cnico y las necesarias para el funcionamiento del sitio web o la prestacio\u0301n de servicios expresamente solicitados por el usuario.<\/span><\/p>\n<p> <\/p>\n<p><b>TIPOS DE COOKIES UTILIZADAS EN ESTE SITIO WEB SEGU\u0301N LA FINALIDAD<\/b><\/p>\n<ul>\n<li style=\"font-weight: 400;\" aria-level=\"1\"><span style=\"font-weight: 400;\">Cookies te\u0301cnicas y funcionales: son aquellas que permiten al usuario la navegacio\u0301n a trave\u0301s de una pa\u0301gina web, plataforma o aplicacio\u0301n y la utilizacio\u0301n de las diferentes opciones o servicios que en ella existan.<\/span><span style=\"font-weight: 400;\"><br><\/span><span style=\"font-weight: 400;\">Cookies anali\u0301ticas: son aquellas que permiten al responsable de las mismas el seguimiento y ana\u0301lisis del comportamiento de los usuarios de los sitios web a los que esta\u0301n vinculadas. La informacio\u0301n recogida mediante este tipo de cookies se utiliza en la medicio\u0301n de la actividad de los sitios web, aplicacio\u0301n o plataforma y para la elaboracio\u0301n de perfiles de navegacio\u0301n de los usuarios de dichos sitios, aplicaciones y plataformas, con el fin de introducir mejoras en funcio\u0301n del ana\u0301lisis de los datos de uso que hacen los usuarios del servicio. <\/span><\/li>\n<li style=\"font-weight: 400;\" aria-level=\"1\"><span style=\"font-weight: 400;\">Cookies publicitarias: son aquellas que permiten la gestio\u0301n, de la forma ma\u0301s eficaz posible, de los espacios publicitarios que, en su caso, el editor haya incluido en una pa\u0301gina web, aplicacio\u0301n o plataforma desde la que presta el servicio solicitado en base a criterios como el contenido editado o la frecuencia en la que se muestran los anuncios.<\/span><\/li>\n<li style=\"font-weight: 400;\" aria-level=\"1\"><span style=\"font-weight: 400;\">Cookies de publicidad comportamental: recogen informacio\u0301n sobre las preferencias y elecciones personales del usuario (retargeting) para permitir la gestio\u0301n, de la forma ma\u0301s eficaz posible, de los espacios publicitarios que, en su caso, el editor haya incluido en una pa\u0301gina web, aplicacio\u0301n o plataforma desde la que presta el servicio solicitado.<\/span><\/li>\n<li style=\"font-weight: 400;\" aria-level=\"1\"><span style=\"font-weight: 400;\">Cookies sociales: son establecidas por las plataformas de redes sociales en los servicios para permitirle compartir contenido con sus amigos y redes. Las plataformas de medios sociales tienen la capacidad de rastrear su actividad en li\u0301nea fuera de los Servicios. Esto puede afectar al contenido y los mensajes que ve en otros servicios que visita.  <\/span><\/li>\n<li style=\"font-weight: 400;\" aria-level=\"1\"><span style=\"font-weight: 400;\">Cookies de afiliados: permiten hacer un seguimiento de las visitas procedentes de otras webs, con las que el sitio web establece un contrato de afiliacio\u0301n (empresas de afiliacio\u0301n).<\/span><span style=\"font-weight: 400;\"><br><\/span><span style=\"font-weight: 400;\">Cookies de seguridad: almacenan informacio\u0301n cifrada para evitar que los datos guardados en ellas sean vulnerables a ataques maliciosos de terceros.<\/span><\/li>\n<\/ul>\n<p> <\/p>\n<p><b>SEG\u00daN LA PROPIEDAD<\/b><\/p>\n<ul>\n<li style=\"font-weight: 400;\" aria-level=\"1\"><span style=\"font-weight: 400;\">Cookies propias: son aquellas que se env\u00edan al equipo terminal del usuario desde un equipo o dominio gestionado por el propio editor y desde el que se presta el servicio solicitado por el usuario.<\/span><\/li>\n<li style=\"font-weight: 400;\" aria-level=\"1\"><span style=\"font-weight: 400;\">Cookies de terceros: son aquellas que se env\u00edan al equipo terminal del usuario desde un equipo o dominio que no es gestionado por el editor, sino por otra entidad que trata los datos obtenidos trav\u00e9s de las cookies.<\/span><\/li>\n<\/ul>\n<p> <\/p>\n<p><b>SEG\u00daN EL PLAZO DE CONSERVACI\u00d3N<\/b><\/p>\n<ul>\n<li style=\"font-weight: 400;\" aria-level=\"1\"><span style=\"font-weight: 400;\">Cookies de sesi\u00f3n: son un tipo de cookies dise\u00f1adas para recabar y almacenar datos mientras el usuario accede a una p\u00e1gina web.<\/span><\/li>\n<li style=\"font-weight: 400;\" aria-level=\"1\"><span style=\"font-weight: 400;\">Cookies persistentes: son un tipo de cookies en el que los datos siguen almacenados en el terminal y pueden ser accedidos y tratados durante un per\u00edodo definido por el responsable de la cookie, y que puede ir de unos minutos a varios a\u00f1os.<\/span><\/li>\n<\/ul>\n<p> <\/p>\n<p><b>TRATAMIENTO DE DATOS PERSONALES<\/b><\/p>\n<p><b>MAIN PAPER, S.L.<\/b><span style=\"font-weight: 400;\">, como <\/span><b>Responsable del tratamiento<\/b><span style=\"font-weight: 400;\">, le informa de que estos datos sera\u0301n tratados de conformidad con lo dispuesto en el Reglamento General (UE) 2016\/679, de proteccio\u0301n de datos (RGPD) y L.O. 3\/2018, de proteccio\u0301n de datos y garanti\u0301a de los derechos digitales (LOPDGDD), por lo que se le facilita la siguiente informacio\u0301n del tratamiento:<\/span><\/p>\n<p><b>Fines del tratamiento:<\/b><span style=\"font-weight: 400;\"> seg\u00fan se especifica en el apartado de cookies que se utilizan en este sitio web.<\/span><\/p>\n<p><b>Legitimaci\u00f3n del tratamiento:<\/b><span style=\"font-weight: 400;\"> consentimiento del interesado.<\/span><\/p>\n<p><b>Criterios de conservaci\u00f3n de los datos:<\/b><span style=\"font-weight: 400;\"> seg\u00fan se especifica en el apartado de cookies utilizadas en la web.<\/span><\/p>\n<p><b>Comunicaci\u00f3n de los datos:<\/b><span style=\"font-weight: 400;\"> no se comunicar\u00e1n los datos a terceros, excepto en cookies propiedad de terceros o por obligaci\u00f3n legal.<\/span><\/p>\n<p><b>Derechos que asisten al Interesado:<\/b><\/p>\n<ul>\n<li style=\"font-weight: 400;\" aria-level=\"1\"><span style=\"font-weight: 400;\">Derecho a retirar el consentimiento en cualquier momento.<\/span><\/li>\n<li style=\"font-weight: 400;\" aria-level=\"1\"><span style=\"font-weight: 400;\">Derecho de acceso, rectificaci\u00f3n, portabilidad y supresi\u00f3n de sus datos, y de limitaci\u00f3n u oposici\u00f3n a su tratamiento.<\/span><\/li>\n<li style=\"font-weight: 400;\" aria-level=\"1\"><span style=\"font-weight: 400;\">Derecho a presentar una reclamaci\u00f3n ante la Autoridad de control (www.aepd.es) si considera que el tratamiento no se ajusta a la normativa vigente.<\/span><\/li>\n<\/ul>\n<p><b>Datos de contacto para ejercer sus derechos:<\/b><\/p>\n<p><span style=\"font-weight: 400;\">C\/ LA MARGA, \u2013 45224 SESEN\u0303A (Toledo). E-mail:  <\/span><a href=\"mailto:rgpd@mainpaper.com\"><span style=\"font-weight: 400;\">rgpd@mainpaper.com<\/span><\/a><\/p>\n<p> <\/p>\n<p><b>COOKIES CONTROLADAS POR EL EDITOR<\/b><\/p>\n<p><b>T\u00e9cnicas y funcionales<\/b><\/p>\n<p><img loading=\"lazy\" decoding=\"async\" class=\"alignnone wp-image-11014 size-full\" src=\"https:\/\/mp-papeleria.es\/wp-content\/uploads\/2024\/09\/cookies_tyF.png\" alt=\"\" width=\"982\" height=\"708\" srcset=\"https:\/\/mp-papeleria.es\/wp-content\/uploads\/2024\/09\/cookies_tyF.png 982w, https:\/\/mp-papeleria.es\/wp-content\/uploads\/2024\/09\/cookies_tyF-300x216.png 300w, https:\/\/mp-papeleria.es\/wp-content\/uploads\/2024\/09\/cookies_tyF-768x554.png 768w\" sizes=\"auto, (max-width: 982px) 100vw, 982px\" \/><\/p>\n<p> <\/p>\n<p> <\/p>\n<p><b>Anal\u00edticas<\/b><\/p>\n<p><img loading=\"lazy\" decoding=\"async\" class=\"alignnone wp-image-11008 size-full\" src=\"https:\/\/mp-papeleria.es\/wp-content\/uploads\/2024\/09\/cookies_a.png\" alt=\"\" width=\"982\" height=\"153\" srcset=\"https:\/\/mp-papeleria.es\/wp-content\/uploads\/2024\/09\/cookies_a.png 982w, https:\/\/mp-papeleria.es\/wp-content\/uploads\/2024\/09\/cookies_a-300x47.png 300w, https:\/\/mp-papeleria.es\/wp-content\/uploads\/2024\/09\/cookies_a-768x120.png 768w\" sizes=\"auto, (max-width: 982px) 100vw, 982px\" \/><br><br><\/p>\n<p><b>Publicitarias<\/b><\/p>\n<p><img loading=\"lazy\" decoding=\"async\" class=\"alignnone wp-image-11010 size-full\" src=\"https:\/\/mp-papeleria.es\/wp-content\/uploads\/2024\/09\/cookies_p.png\" alt=\"\" width=\"981\" height=\"667\" srcset=\"https:\/\/mp-papeleria.es\/wp-content\/uploads\/2024\/09\/cookies_p.png 981w, https:\/\/mp-papeleria.es\/wp-content\/uploads\/2024\/09\/cookies_p-300x204.png 300w, https:\/\/mp-papeleria.es\/wp-content\/uploads\/2024\/09\/cookies_p-768x522.png 768w\" sizes=\"auto, (max-width: 981px) 100vw, 981px\" \/><br><br><\/p>\n<p><b>COOKIES DE TERCEROS NO CONTROLADAS POR EL EDITOR<\/b><\/p>\n<p><b>T\u00e9cnicas y funcionales<\/b><\/p>\n<p><span style=\"font-weight: 400;\">Los servicios de terceros son ajenos al control del editor. Los proveedores pueden modificar en todo momento sus condiciones de servicio, finalidad y utilizaci\u00f3n de las cookies, etc. <\/span><\/p>\n<p><b>Proveedores externos de este sitio web:<\/b><\/p>\n<p><img loading=\"lazy\" decoding=\"async\" class=\"alignnone wp-image-11012 size-full\" src=\"https:\/\/mp-papeleria.es\/wp-content\/uploads\/2024\/09\/cookies_ter.png\" alt=\"\" width=\"984\" height=\"196\" srcset=\"https:\/\/mp-papeleria.es\/wp-content\/uploads\/2024\/09\/cookies_ter.png 984w, https:\/\/mp-papeleria.es\/wp-content\/uploads\/2024\/09\/cookies_ter-300x60.png 300w, https:\/\/mp-papeleria.es\/wp-content\/uploads\/2024\/09\/cookies_ter-768x153.png 768w\" sizes=\"auto, (max-width: 984px) 100vw, 984px\" \/><\/p>\n<p><b>C\u00d3MO GESTIONAR LAS COOKIES DESDE EL NAVEGADOR<\/b><\/p>\n<p><b>Eliminar las cookies del dispositivo<\/b><\/p>\n<p><span style=\"font-weight: 400;\">Las cookies que ya est\u00e1n en un dispositivo se pueden eliminar borrando el historial del navegador, con lo que se suprimen las cookies de todos los sitios web visitados.<\/span><\/p>\n<p><span style=\"font-weight: 400;\">Sin embargo, tambi\u00e9n se puede perder parte de la informaci\u00f3n guardada (por ejemplo, los<\/span><span style=\"font-weight: 400;\"><br><\/span><span style=\"font-weight: 400;\">datos de inicio de sesi\u00f3n o las preferencias de sitio web).<\/span><\/p>\n<p><b>Gestionar las cookies espec\u00edficas del sitio<\/b><\/p>\n<p><span style=\"font-weight: 400;\">Para tener un control m\u00e1s preciso de las cookies espec\u00edficas de cada sitio, los usuarios pueden ajustar su configuraci\u00f3n de privacidad y cookies en el navegador.<\/span><\/p>\n<p><b>Bloquear las cookies<\/b><\/p>\n<p><span style=\"font-weight: 400;\">Aunque la mayor\u00eda de los navegadores modernos se pueden configurar para evitar que se instalen cookies en los dispositivos, eso puede obligar al ajuste manual de determinadas preferencias cada vez que se visite un sitio o p\u00e1gina. Adem\u00e1s, algunos servicios y caracter\u00edsticas pueden no funcionar correctamente. <\/span><\/p>\n<p> <\/p>\n<p><b>C\u00d3MO ELIMINAR LAS COOKIES DE LOS NAVEGADORES M\u00c1S COMUNES<\/b><\/p>\n<p><b>Chrome:<\/b><\/p>\n<p><a href=\"http:\/\/support.google.com\/chrome\/answer\/95647?hl=es\" target=\"_blank\" rel=\"noopener\"><span style=\"font-weight: 400;\">http:\/\/support.google.com\/chrome\/answer\/95647?hl=es<\/span><\/a><\/p>\n<p><b>Internet Explorer. Versi\u00f3n 11: <\/b><\/p>\n<p><a href=\"https:\/\/support.microsoft.com\/es-es\/help\/278835\/how-to-delete-cookie-files-in-internet-explorer\" target=\"_blank\" rel=\"noopener\"><span style=\"font-weight: 400;\">https:\/\/support.microsoft.com\/es-es\/help\/278835\/how-to-delete-cookie-files-in-internet-explorer<\/span><\/a><\/p>\n<p><b>Firefox. Versi\u00f3n65.0.1: <\/b><\/p>\n<p><a href=\"https:\/\/www.mozilla.org\/es-ES\/privacy\/websites\/#cookies\" target=\"_blank\" rel=\"noopener\"><span style=\"font-weight: 400;\">https:\/\/www.mozilla.org\/es-ES\/privacy\/websites\/#cookies<\/span><\/a><\/p>\n<p> <\/p>\n\n\n    <\/div>\n<\/section>","protected":false},"excerpt":{"rendered":"","protected":false},"author":1,"featured_media":0,"parent":0,"menu_order":0,"comment_status":"closed","ping_status":"closed","template":"","meta":{"rank_math_lock_modified_date":false,"footnotes":""},"class_list":["post-9984","page","type-page","status-publish","hentry"],"_links":{"self":[{"href":"https:\/\/mp-papeleria.es\/en\/wp-json\/wp\/v2\/pages\/9984","targetHints":{"allow":["GET"]}}],"collection":[{"href":"https:\/\/mp-papeleria.es\/en\/wp-json\/wp\/v2\/pages"}],"about":[{"href":"https:\/\/mp-papeleria.es\/en\/wp-json\/wp\/v2\/types\/page"}],"author":[{"embeddable":true,"href":"https:\/\/mp-papeleria.es\/en\/wp-json\/wp\/v2\/users\/1"}],"replies":[{"embeddable":true,"href":"https:\/\/mp-papeleria.es\/en\/wp-json\/wp\/v2\/comments?post=9984"}],"version-history":[{"count":2,"href":"https:\/\/mp-papeleria.es\/en\/wp-json\/wp\/v2\/pages\/9984\/revisions"}],"predecessor-version":[{"id":11051,"href":"https:\/\/mp-papeleria.es\/en\/wp-json\/wp\/v2\/pages\/9984\/revisions\/11051"}],"wp:attachment":[{"href":"https:\/\/mp-papeleria.es\/en\/wp-json\/wp\/v2\/media?parent=9984"}],"curies":[{"name":"wp","href":"https:\/\/api.w.org\/{rel}","templated":true}]}}