{"id":9953,"date":"2024-07-09T09:04:28","date_gmt":"2024-07-09T07:04:28","guid":{"rendered":"https:\/\/mp-papeleria.es\/?page_id=9953"},"modified":"2024-09-05T14:24:37","modified_gmt":"2024-09-05T12:24:37","slug":"privacy-policy","status":"publish","type":"page","link":"https:\/\/mp-papeleria.es\/en\/privacy-policy\/","title":{"rendered":"Privacy Policy"},"content":{"rendered":"<section class=\"block-fila lopd\">\n    <div class=\"desktop-width\">\n        \n\n\n\n<h1>POL\u00cdTICA DE PRIVACIDAD<\/h1>\n<p><b>INFORMACION AL USUARIO<\/b><\/p>\n<p><span style=\"font-weight: 400;\">MAIN PAPER, S.L., le informa que, seg\u00fan lo dispuesto en el Reglamento General (UE) 2016\/679, de protecci\u00f3n de datos,(RGPD) y en la L.O.3\/2018, de protecci\u00f3n de datos y garant\u00eda de los derechos digitales (LOPDGDD), trataremos su datos tal y como reflejamos en la presente Pol\u00edtica de Privacidad.<\/span><\/p>\n<p><span style=\"font-weight: 400;\">En esta Pol\u00edtica de Privacidad describimos c\u00f3mo recogemos sus datos personales y por qu\u00e9 los recogemos, qu\u00e9 hacemos con ellos, con qui\u00e9n los compartimos, c\u00f3mo los protegemos y sus opciones en cuanto al tratamiento de sus datos personales.<\/span><\/p>\n<p><span style=\"font-weight: 400;\">Esta Pol\u00edtica se aplica al tratamiento de sus datos personales recogidos por la empresa para la prestaci\u00f3n de sus servicios. Si cumplimenta cualquiera de nuestros formularios debe aceptar previamente las condiciones de esta Pol\u00edtica y guardaremos registro de esa aceptaci\u00f3n. <\/span><\/p>\n<p><span style=\"font-weight: 400;\">1.aRESPONSABLE DEL TRATAMIENTO DE TUS DATOS<\/span><\/p>\n<p><span style=\"font-weight: 400;\">El responsable del tratamiento de los datos recogidos en esta p\u00e1gina web es: Denominaci\u00f3n social: MAIN PAPER, S.L.<\/span><\/p>\n<p> <\/p>\n<ol>\n<li><b> RESPONSABLE DEL TRATAMIENTO DE TUS DATOS<\/b><\/li>\n<\/ol>\n<p><span style=\"font-weight: 400;\">El responsable del tratamiento de los datos recogidos en esta pa\u0301gina web es:<\/span><\/p>\n<p><span style=\"font-weight: 400;\">Nombre: MAIN PAPER<\/span><\/p>\n<p><span style=\"font-weight: 400;\">CIF: B86211745<\/span><\/p>\n<p><span style=\"font-weight: 400;\">Domicilio: Traves\u00eda de La Marga, s\/n. Pol. Ind. Ntra. Sra. Del Rosario- 452224 Sese\u00f1a, Toledo Carretera de Humera 92 Bl.A 1, Pozuelo de Alarc\u00f3n.    <\/span><\/p>\n<p><span style=\"font-weight: 400;\">Tel\u00e9fono: .918936681<\/span><\/p>\n<p><span style=\"font-weight: 400;\">e-mail: info@mainpaper.com<\/span><\/p>\n<p><span style=\"font-weight: 400;\">e-mail de contacto de DPO: <\/span><a href=\"mailto:rgpd@mainpaper.com\"><span style=\"font-weight: 400;\">rgpd@mainpaper.com<\/span><\/a><\/p>\n<p> <\/p>\n<ol start=\"2\">\n<li><b> FINALIDAD, LEGITIMACIO\u0301N Y CONSERVACIO\u0301N<\/b><\/li>\n<\/ol>\n<p><span style=\"font-weight: 400;\">Recogemos y tratamos sus datos personales a trave\u0301s de los formularios que se encuentra en nuestra pa\u0301gina web:<\/span><\/p>\n<p><b>Trabaja con nosotros<\/b><\/p>\n<ul>\n<li style=\"font-weight: 400;\" aria-level=\"1\"><span style=\"font-weight: 400;\">Finalidad: Tramitar su candidatura a nuestros posibles puestos vacantes y gestionar su participaci\u00f3n en nuestros procesos de selecci\u00f3n presentes o futuros.<\/span><\/li>\n<li style=\"font-weight: 400;\" aria-level=\"1\"><span style=\"font-weight: 400;\">Legitimaci\u00f3n: El tratamiento se basa en el consentimiento inequ\u00edvoco que nos otorga el candidato al enviar sus datos y su cv.<\/span><\/li>\n<li style=\"font-weight: 400;\" aria-level=\"1\"><span style=\"font-weight: 400;\">Conservaci\u00f3n: Los cv recibidos se almacenar\u00e1n en nuestras bases de datos durante un m\u00e1ximo de un a\u00f1o.<\/span><\/li>\n<\/ul>\n<p><b>Contacta con nosotros<\/b><\/p>\n<ul>\n<li style=\"font-weight: 400;\" aria-level=\"1\"><span style=\"font-weight: 400;\">Finalidad: Contestar a sus solicitudes de informacio\u0301n, atender sus peticiones y responder sus consultas o dudas.<\/span><\/li>\n<li style=\"font-weight: 400;\" aria-level=\"1\"><span style=\"font-weight: 400;\">Legitimacio\u0301n: El tratamiento se basa en el consentimiento inequ\u00edvoco que nos otorga el candidato al enviar sus datos y su cv.<\/span><\/li>\n<li style=\"font-weight: 400;\" aria-level=\"1\"><span style=\"font-weight: 400;\">Conservacio\u0301n: Los cv recibidos se almacenar\u00e1n en nuestras bases de datos durante un m\u00e1ximo de un a\u00f1o.<\/span><\/li>\n<\/ul>\n<p><b>Publicaci\u00f3n comentarios en el blog<\/b><\/p>\n<ul>\n<li style=\"font-weight: 400;\" aria-level=\"1\"><span style=\"font-weight: 400;\">Finalidad: Hacer un seguimiento de los comentarios publicados en nuestro blog.<\/span><\/li>\n<li style=\"font-weight: 400;\" aria-level=\"1\"><span style=\"font-weight: 400;\">Legitimaci\u00f3n: El tratamiento se basa en el consentimiento inequ\u00edvoco que nos otorga el usuario al enviar el comentario.<\/span><\/li>\n<li style=\"font-weight: 400;\" aria-level=\"1\"><span style=\"font-weight: 400;\">Conservaci\u00f3n: Los datos ser\u00e1n conservados mientras el Usuario no se oponga a su tratamiento o elimine el comentario del blog.<\/span><\/li>\n<\/ul>\n<p> <\/p>\n<ol start=\"3\">\n<li><b> TIPOS DE DATOS RECOGIDOS<\/b><\/li>\n<\/ol>\n<p><span style=\"font-weight: 400;\">Los tipos de datos que se solicitan son:<\/span><\/p>\n<ul>\n<li style=\"font-weight: 400;\" aria-level=\"1\"><span style=\"font-weight: 400;\">Datos de cara\u0301cter identificativo y de contacto.<\/span><\/li>\n<li style=\"font-weight: 400;\" aria-level=\"1\"><span style=\"font-weight: 400;\">Datos profesionales<\/span><\/li>\n<\/ul>\n<p><span style=\"font-weight: 400;\">Tambi\u00e9n recogemos de forma autom\u00e1tica datos sobre su visita a nuestro sitio web, seg\u00fan se describe en la pol\u00edtica de cookies.<\/span><\/p>\n<p><span style=\"font-weight: 400;\">MAIN PAPER, S.L. no recopila datos considerados especialmente sensibles como pueden ser: raza u origen \u00e9tnico, opiniones pol\u00edticas o creencias religiosas o filos\u00f3ficas, participaci\u00f3n en sindicatos, salud, actividad sexual u orientaci\u00f3n sexual, datos biom\u00e9tricos o gen\u00e9ticos.<\/span><\/p>\n<p><span style=\"font-weight: 400;\">Es responsabilidad de cada usuario proporcionar datos que sean verdaderos, exactos, completos y actualizados y solo ellos ser\u00e1n responsables de cualquier da\u00f1o o perjuicio, directo o indirecto, que pudiera ocasionarse como consecuencia del incumplimiento de tal obligaci\u00f3n.<\/span><\/p>\n<p><span style=\"font-weight: 400;\">El usuario garantiza que los datos aportados son verdaderos, exactos, completos y actualizados, siendo responsable de cualquier da\u00f1o o perjuicio, directo o indirecto, que pudiera ocasionarse como consecuencia del incumplimiento de tal obligaci\u00f3n. En caso de que el usuario facilite datos de terceros, manifiesta contar con el consentimiento de los mismos y se compromete a trasladarle la informaci\u00f3n contenida en esta cl\u00e1usula, eximiendo a MAIN PAPER, S.L. de cualquier responsabilidad en este sentido. No obstante, MAIN PAPER, S.L., podr\u00e1 llevar a cabo las verificaciones para constatar este hecho, adoptando las medidas de diligencia debida que correspondan, conforme a la normativa de protecci\u00f3n de datos.  <\/span><\/p>\n<p> <\/p>\n<ol start=\"4\">\n<li><b> DESTINATARIOS DE LOS DATOS<\/b><\/li>\n<\/ol>\n<p><span style=\"font-weight: 400;\">El Usuario se compromete a:<\/span><\/p>\n<ol>\n<li style=\"font-weight: 400;\" aria-level=\"1\"><span style=\"font-weight: 400;\">Hacer un uso adecuado y l\u00edcito del sitio web as\u00ed como de los contenidos y servicios, de conformidad con: (i) la legislaci\u00f3n aplicable en cada momento; (ii) las condiciones generales de uso del sitio web; (iii) la moral y buenas costumbres generalmente aceptadas y (iv) el orden p\u00fablico.    <\/span><\/li>\n<li style=\"font-weight: 400;\" aria-level=\"1\"><span style=\"font-weight: 400;\">Proveerse de todos los medios y requerimientos t\u00e9cnicos que se precisen para acceder al sitio web.<\/span><\/li>\n<li style=\"font-weight: 400;\" aria-level=\"1\"><span style=\"font-weight: 400;\">Facilitar informaci\u00f3n veraz al cumplimentar con sus datos de car\u00e1cter personal los formularios contenidos en el sitio web y a mantenerlos actualizados en todo momento de forma que responda, en cada momento, a la situaci\u00f3n real del usuario. El usuario ser\u00e1 el \u00fanico responsable de las manifestaciones falsas o inexactas que realice y de los perjuicios que cause a la empresa o a terceros por la informaci\u00f3n que facilite. <\/span><\/li>\n<\/ol>\n<p><span style=\"font-weight: 400;\">No obstante lo establecido en el apartado anterior el Usuario debera\u0301 asimismo abstenerse de:<\/span><\/p>\n<ol>\n<li style=\"font-weight: 400;\" aria-level=\"1\"><span style=\"font-weight: 400;\">Hacer un uso no autorizado o fraudulento del Espacio Web y\/o de los contenidos con fines o efectos ili\u0301citos, prohibidos en las presentes Condiciones Generales de Uso, lesivos de los derechos e intereses de terceros, o que de cualquier forma puedan dan\u0303ar, inutilizar, sobrecargar, deteriorar o impedir la normal utilizacio\u0301n de los servicios o los documentos, archivos y toda clase de contenidos almacenados en cualquier equipo informa\u0301tico.<\/span><\/li>\n<li style=\"font-weight: 400;\" aria-level=\"1\"><span style=\"font-weight: 400;\">Acceder o intentar acceder a recursos o a\u0301reas restringidas del Espacio Web, sin cumplir las condiciones exigidas para dicho acceso.<\/span><\/li>\n<li style=\"font-weight: 400;\" aria-level=\"1\"><span style=\"font-weight: 400;\">Provocar dan\u0303os en los sistemas fi\u0301sicos o lo\u0301gicos del Espacio Web, de sus proveedores o de terceros.<\/span><\/li>\n<li style=\"font-weight: 400;\" aria-level=\"1\"><span style=\"font-weight: 400;\">Introducir o difundir en la red virus informa\u0301ticos o cualesquiera otros sistemas fi\u0301sicos o lo\u0301gicos que sean susceptibles de provocar dan\u0303os en los sistemas fi\u0301sicos o lo\u0301gicos de la empresa, proveedores o de terceros.<\/span><\/li>\n<li style=\"font-weight: 400;\" aria-level=\"1\"><span style=\"font-weight: 400;\">Intentar acceder, utilizar y\/o manipular los datos de la empresa, terceros proveedores y otros Usuarios.<\/span><\/li>\n<li style=\"font-weight: 400;\" aria-level=\"1\"><span style=\"font-weight: 400;\">Reproducir o copiar, distribuir, permitir el acceso del pu\u0301blico a trave\u0301s de cualquier modalidad de comunicacio\u0301n pu\u0301blica, transformar o modificar los contenidos, a menos que se cuente con la autorizacio\u0301n del titular de los correspondientes derechos o ello resulte legalmente permitido.<\/span><\/li>\n<li style=\"font-weight: 400;\" aria-level=\"1\"><span style=\"font-weight: 400;\">Suprimir, ocultar o manipular las notas sobre derechos de propiedad intelectual o industrial y dema\u0301s datos identificativos de los derechos de la empresa o de terceros incorporados a los contenidos, asi\u0301 como los dispositivos te\u0301cnicos de proteccio\u0301n o cualesquiera mecanismos de informacio\u0301n que puedan insertarse en los contenidos.<\/span><\/li>\n<li style=\"font-weight: 400;\" aria-level=\"1\"><span style=\"font-weight: 400;\">Obtener e intentar obtener los contenidos empleando para ello medios o procedimientos distintos de los que, segu\u0301n los casos, se hayan puesto a su disposicio\u0301n a este efecto o se hayan indicado expresamente en las pa\u0301ginas web donde se encuentren los contenidos o, en general, de los que se empleen habitualmente en Internet por no entran\u0303ar un riesgo de dan\u0303o o inutilizacio\u0301n del Espacio web y\/o de los contenidos.<\/span><\/li>\n<\/ol>\n<p><span style=\"font-weight: 400;\">Si para acceder a algunos de los servicios y\/o contenidos del Espacio Web, se le proporcionara una contrasen\u0303a, se obliga a usarla de manera diligente, mantenie\u0301ndola en todo momento en secreto. En consecuencia, mientras no efect\u00fae la notificaci\u00f3n anterior, la empresa quedar\u00e1 eximida de cualquier responsabilidad que pudiera derivarse del uso indebido de su contrase\u00f1a, siendo de su responsabilidad cualquier utilizaci\u00f3n il\u00edcita de los contenidos y\/o servicios del sitio web por cualquier tercero ileg\u00edtimo. Si de manera negligente o dolosa incumpliera cualquiera de las obligaciones establecidas en las presentes condiciones generales de uso, responder\u00e1 por todos los da\u00f1os y perjuicios que de dicho incumplimiento pudieran derivarse para la empresa.  <\/span><\/p>\n<ol start=\"5\">\n<li><b> RESPONSABILIDAD DEL USUARIO<\/b><\/li>\n<\/ol>\n<p><span style=\"font-weight: 400;\">El usuario garantiza que es mayor de catorce (14) a\u00f1os y que los datos que facilita a MAIN PAPER, S.L. son verdaderos, exactos, completos y actualizados. A estos efectos, el usuario responde de la veracidad de todos los datos que comunique y mantendr\u00e1 convenientemente actualizada la informaci\u00f3n facilitada, de tal forma que responda a su situaci\u00f3n real. <\/span><\/p>\n<p><span style=\"font-weight: 400;\">Del mismo modo, garantiza que ha informado a los terceros de los que facilite sus datos, en caso de hacerlo, de los aspectos contenidos en este documento. Asimismo, garantiza que ha obtenido su autorizaci\u00f3n para facilitar sus datos a MAIN PAPER, S.L. para los fines se\u00f1alados. <\/span><\/p>\n<p><span style=\"font-weight: 400;\">En todo caso, el Usuario ser\u00e1 responsable de las informaciones falsas o inexactas que proporcione a trav\u00e9s de la web, y de los da\u00f1os y perjuicios, directos o indirectos, que ello cause a MAIN PAPER, S.L. o a terceros.<\/span><\/p>\n<p> <\/p>\n<ol start=\"6\">\n<li><b> EJERCICIO DE DERECHOS<\/b><\/li>\n<\/ol>\n<p><span style=\"font-weight: 400;\">Como titular de los datos, el usuario puede enviar un escrito a MAIN PAPER, S.L., a la direcci\u00f3n indicada en el encabezado de la presente Pol\u00edtica de Privacidad, o bien por medio de un correo electr\u00f3nico a la direcci\u00f3n: rgpd@mpapel.com, en cualquier momento y de manera gratuita, para ejercer los siguientes derechos:<\/span><\/p>\n<ol>\n<li><span style=\"font-weight: 400;\">a) Derecho de Acceso:<\/span><\/li>\n<\/ol>\n<p><span style=\"font-weight: 400;\">Tendr\u00e1 derecho a que MAIN PAPER, S.L. le informe sobre si est\u00e1 tratando o no sus datos personales y, en tal caso, poder acceder a dichos datos y recibir informaci\u00f3n sobre los fines para los que son tratados, las categor\u00edas de datos afectados por el tratamiento, los destinatarios a los que se comunicaron sus datos personales y el plazo previsto de conservaci\u00f3n de los datos, entre otra informaci\u00f3n.<\/span><\/p>\n<ol>\n<li><span style=\"font-weight: 400;\">b) Derecho de Supresi\u00f3n y Oposici\u00f3n:<\/span><\/li>\n<\/ol>\n<p><span style=\"font-weight: 400;\">Tendr\u00e1 derecho a solicitar la supresi\u00f3n de datos personales siempre que se cumplan los requisitos legales o a oponerse al tratamiento en cualquier momento, por motivos relacionados con su situaci\u00f3n particular, en caso de que el tratamiento est\u00e9 basado en nuestro inter\u00e9s leg\u00edtimo.<\/span><\/p>\n<ol>\n<li><span style=\"font-weight: 400;\">c) Derecho de Rectificaci\u00f3n:<\/span><\/li>\n<\/ol>\n<p><span style=\"font-weight: 400;\">Tendr\u00e1 derecho a solicitar la rectificaci\u00f3n de los datos inexactos que le conciernan cuando, entre otros motivos, \u00e9stos ya no sean necesarios para los fines para los que fueron recogidos.<\/span><\/p>\n<ol>\n<li><span style=\"font-weight: 400;\">d) Limitaci\u00f3n del tratamiento al tratamiento y revocaci\u00f3n del consentimiento:<\/span><\/li>\n<\/ol>\n<p><span style=\"font-weight: 400;\">En determinadas circunstancias (por ejemplo, en caso de que el solicitante impugne la exactitud de sus datos, mientras se verifica la exactitud de los mismos), podr\u00e1 solicitar que se limite el tratamiento de sus datos personales, siendo estos \u00fanicamente tratados para el ejercicio o la defensa de reclamaciones.<\/span><\/p>\n<p><span style=\"font-weight: 400;\">Tambi\u00e9n tendr\u00e1 derecho a revocar el consentimiento prestado en cualquier momento.<\/span><\/p>\n<ol>\n<li><span style=\"font-weight: 400;\">e) Portabilidad de sus datos:<\/span><\/li>\n<\/ol>\n<p><span style=\"font-weight: 400;\">Tendr\u00e1 derecho a recibir los datos personales que haya facilitado a MAIN PAPER, S.L. en un formato estructurado, com\u00fan y de lectura mec\u00e1nica, y a poder transmitirlos a otro responsable del tratamiento sin que el responsable al que se los hubiera facilitado se lo impida, en los supuestos legalmente previstos a estos efectos.<\/span><\/p>\n<ol>\n<li><span style=\"font-weight: 400;\">f) Decisiones individuales automatizadas:<\/span><\/li>\n<\/ol>\n<p><span style=\"font-weight: 400;\">Asimismo, adem\u00e1s de los derechos mencionados, en caso de que se adopten decisiones automatizadas, incluida la elaboraci\u00f3n de perfiles, tendr\u00e1 derecho a obtener intervenci\u00f3n humana por parte de MAIN PAPER, S.L. y a expresar su punto de vista y a impugnar la decisi\u00f3n.<\/span><\/p>\n<ol>\n<li><span style=\"font-weight: 400;\">g) Otros:<\/span><\/li>\n<\/ol>\n<p><span style=\"font-weight: 400;\">No se realizan transferencias internacionales, pero en el caso de transferirse datos personales a un tercer pa\u00eds o a una organizaci\u00f3n internacional, tendr\u00e1 derecho a ser informado sobre c\u00f3mo se puede acceder u obtener copia de las garant\u00edas adecuadas relativas a la transferencia.<\/span><\/p>\n<p><span style=\"font-weight: 400;\">Por \u00faltimo, le informamos que podr\u00e1 interponer una reclamaci\u00f3n relativa a la protecci\u00f3n de sus datos personales ante la Agencia Espa\u00f1ola de Protecci\u00f3n de Datos (www.aepd.es), cuando el interesado considere que MAIN PAPER, S.L. ha vulnerado los derechos que le son reconocidos por la normativa aplicable en protecci\u00f3n de datos.<\/span><\/p>\n<p><span style=\"font-weight: 400;\">El plazo para hacer efectivo su derecho, como interesado, ser\u00e1 de un mes a partir de la recepci\u00f3n de la solicitud, el cual puede ser prorrogado por dos meses m\u00e1s en supuestos de complejidad o n\u00famero de solicitudes recibidas.<\/span><\/p>\n<p> <\/p>\n<ol start=\"7\">\n<li><b> MEDIDAS DE SEGURIDAD<\/b><\/li>\n<\/ol>\n<p><span style=\"font-weight: 400;\">MAIN PAPER, S.L. tratar\u00e1 los datos del Usuario en todo momento de forma absolutamente confidencial y guardando el preceptivo deber de secreto respecto de los mismos, de conformidad con lo previsto en la normativa de aplicaci\u00f3n, adoptando al efecto las medidas de \u00edndole t\u00e9cnica y organizativas necesarias que garanticen la seguridad de sus datos y eviten su alteraci\u00f3n, p\u00e9rdida, tratamiento o acceso no autorizado, habida cuenta del estado de la tecnolog\u00eda, la naturaleza de los datos almacenados y los riesgos a que est\u00e1n expuestos.<\/span><\/p>\n<p> <\/p>\n<ol start=\"8\">\n<li><b> ACEPTACI\u00d3N Y CONSENTIMIENTO<\/b><\/li>\n<\/ol>\n<p><span style=\"font-weight: 400;\">El Usuario declara haber sido informado de las condiciones sobre protecci\u00f3n de datos personales, aceptando el contenido de la presente Pol\u00edtica de Privacidad.<\/span><\/p>\n<p> <\/p>\n<ol start=\"9\">\n<li><b> OBLIGATORIEDAD DE FACILITAR LOS DATOS<\/b><\/li>\n<\/ol>\n<p><span style=\"font-weight: 400;\">Los datos solicitados en los formularios son, con car\u00e1cter general, obligatorios (salvo que en el campo requerido se especifique lo contrario) para cumplir con las finalidades para las que est\u00e1n siendo recabados.<\/span><\/p>\n<p><span style=\"font-weight: 400;\">Por lo tanto, si no facilita los mismos o no los facilita correctamente no podr\u00e1n atenderse sus solicitudes, sin perjuicio de que podr\u00e1 visualizar libremente ciertos contenidos de nuestra web.<\/span><\/p>\n<p> <\/p>\n<ol start=\"10\">\n<li><b> ACTUALIZACI\u00d3N DE LA POL\u00cdTICA DE PRIVACIDAD<\/b><\/li>\n<\/ol>\n<p><span style=\"font-weight: 400;\">Nos esforzamos para mejorar continuamente nuestros servicios, procesos y la protecci\u00f3n de los derechos de los interesados, por eso nos reservamos el derecho a revisar esta pol\u00edtica de privacidad en el momento que lo considere oportuno, en cuyo caso se comunicar\u00e1 a los usuarios. Rogamos que lo compruebe de forma regular para leer la versi\u00f3n m\u00e1s reciente de la Pol\u00edtica de Privacidad. <\/span><\/p>\n<p><span style=\"font-weight: 400;\">\u00daltima actualizaci\u00f3n 13\/03\/2023<\/span><\/p>\n<p> <\/p>\n\n\n    <\/div>\n<\/section>","protected":false},"excerpt":{"rendered":"","protected":false},"author":1,"featured_media":0,"parent":0,"menu_order":0,"comment_status":"closed","ping_status":"closed","template":"","meta":{"rank_math_lock_modified_date":false,"footnotes":""},"class_list":["post-9953","page","type-page","status-publish","hentry"],"_links":{"self":[{"href":"https:\/\/mp-papeleria.es\/en\/wp-json\/wp\/v2\/pages\/9953","targetHints":{"allow":["GET"]}}],"collection":[{"href":"https:\/\/mp-papeleria.es\/en\/wp-json\/wp\/v2\/pages"}],"about":[{"href":"https:\/\/mp-papeleria.es\/en\/wp-json\/wp\/v2\/types\/page"}],"author":[{"embeddable":true,"href":"https:\/\/mp-papeleria.es\/en\/wp-json\/wp\/v2\/users\/1"}],"replies":[{"embeddable":true,"href":"https:\/\/mp-papeleria.es\/en\/wp-json\/wp\/v2\/comments?post=9953"}],"version-history":[{"count":2,"href":"https:\/\/mp-papeleria.es\/en\/wp-json\/wp\/v2\/pages\/9953\/revisions"}],"predecessor-version":[{"id":11052,"href":"https:\/\/mp-papeleria.es\/en\/wp-json\/wp\/v2\/pages\/9953\/revisions\/11052"}],"wp:attachment":[{"href":"https:\/\/mp-papeleria.es\/en\/wp-json\/wp\/v2\/media?parent=9953"}],"curies":[{"name":"wp","href":"https:\/\/api.w.org\/{rel}","templated":true}]}}